{"id":6,"date":"2022-08-23T01:52:04","date_gmt":"2022-08-23T01:52:04","guid":{"rendered":"http:\/\/majesty2a.com.br\/?page_id=6"},"modified":"2022-09-14T13:36:06","modified_gmt":"2022-09-14T13:36:06","slug":"carrinho","status":"publish","type":"page","link":"https:\/\/majesty2a.com.br\/?page_id=6","title":{"rendered":"Carrinho"},"content":{"rendered":"\t\t<div data-elementor-type=\"wp-page\" data-elementor-id=\"6\" class=\"elementor elementor-6\">\n\t\t\t\t\t\t\t\t\t<section class=\"elementor-section elementor-top-section elementor-element elementor-element-3c2284ba elementor-section-boxed elementor-section-height-default elementor-section-height-default\" data-id=\"3c2284ba\" data-element_type=\"section\">\n\t\t\t\t\t\t<div class=\"elementor-container elementor-column-gap-default\">\n\t\t\t\t\t<div class=\"elementor-column elementor-col-100 elementor-top-column elementor-element elementor-element-587c146\" data-id=\"587c146\" data-element_type=\"column\">\n\t\t\t<div class=\"elementor-widget-wrap elementor-element-populated\">\n\t\t\t\t\t\t\t\t<div class=\"elementor-element elementor-element-dc2e2fe e-cart-layout-two-column elementor-widget elementor-widget-woocommerce-cart\" data-id=\"dc2e2fe\" data-element_type=\"widget\" data-settings=\"{&quot;update_cart_automatically&quot;:&quot;yes&quot;,&quot;_animation&quot;:&quot;none&quot;}\" data-widget_type=\"woocommerce-cart.default\">\n\t\t\t\t<div class=\"elementor-widget-container\">\n\t\t\t<link rel=\"stylesheet\" href=\"https:\/\/majesty2a.com.br\/wp-content\/plugins\/elementor-pro\/assets\/css\/widget-woocommerce.min.css\"><div class=\"woocommerce\"><div class=\"woocommerce-notices-wrapper\"><\/div><p class=\"cart-empty woocommerce-info\">Seu carrinho est\u00e1 vazio.<\/p>\t<p class=\"return-to-shop\">\n\t\t<a class=\"button wc-backward\" href=\"https:\/\/majesty2a.com.br\/?page_id=5\">\n\t\t\tRetornar para a loja\t\t<\/a>\n\t<\/p>\n<\/div>\t\t<\/div>\n\t\t\t\t<\/div>\n\t\t\t\t\t<\/div>\n\t\t<\/div>\n\t\t\t\t\t\t\t<\/div>\n\t\t<\/section>\n\t\t\t\t\t\t\t<\/div>\n\t\t","protected":false},"excerpt":{"rendered":"<p>&nbsp; &nbsp; Produto Pre\u00e7o Quantidade Subtotal &times; Oculos de Sol Feminino UV400 &#82;&#36;&nbsp;194,00 Oculos de Sol Feminino UV400 quantidade &#82;&#36;&nbsp;194,00 APLICAR CUPOM Valor Total Subtotal &#82;&#36;&nbsp;194,00 Entrega Digite seu endere\u00e7o para ver as op\u00e7\u00f5es de entrega. Calcular entrega Selecione um pa\u00eds&hellip;Afeganist\u00e3o\u00c1frica do SulAlb\u00e2niaAlemanhaAndorraAngolaAnguillaAnt\u00e1rticaAnt\u00edgua e BarbudaAr\u00e1bia SauditaArg\u00e9liaArgentinaArm\u00eaniaArubaAustr\u00e1lia\u00c1ustriaAzerbaij\u00e3oBahamasBangladeshBarbadosBar\u00e9mBelauB\u00e9lgicaBelizeBenimBermudasBielorr\u00fassiaBol\u00edviaB\u00f3snia e HerzegovinaBotsuanaBrasilBruneiBulg\u00e1riaBurquina FassoBur\u00fandiBut\u00e3oCabo VerdeCamar\u00f5esCambojaCanad\u00e1CatarCazaquist\u00e3oChadeChileChinaChipreCingapuraCol\u00f4mbiaComoresComunidade das Ilhas Marianas SetentrionaisCongo (Brazzaville)Congo [&hellip;]<\/p>\n","protected":false},"author":1,"featured_media":0,"parent":0,"menu_order":0,"comment_status":"closed","ping_status":"closed","template":"","meta":{"om_disable_all_campaigns":false,"_monsterinsights_skip_tracking":false,"_monsterinsights_sitenote_active":false,"_monsterinsights_sitenote_note":"","_monsterinsights_sitenote_category":0},"yoast_head":"<!-- This site is optimized with the Yoast SEO plugin v19.6.1 - https:\/\/yoast.com\/wordpress\/plugins\/seo\/ -->\n<title>Carrinho - majesty2a.com.br<\/title>\n<meta name=\"robots\" content=\"index, follow, max-snippet:-1, max-image-preview:large, max-video-preview:-1\" \/>\n<link rel=\"canonical\" href=\"https:\/\/majesty2a.com.br\/?page_id=6\" \/>\n<meta property=\"og:locale\" content=\"pt_BR\" \/>\n<meta property=\"og:type\" content=\"article\" \/>\n<meta property=\"og:title\" content=\"Carrinho - majesty2a.com.br\" \/>\n<meta property=\"og:description\" content=\"&nbsp; &nbsp; Produto Pre\u00e7o Quantidade Subtotal &times; Oculos de Sol Feminino UV400 &#082;&#036;&nbsp;194,00 Oculos de Sol Feminino UV400 quantidade &#082;&#036;&nbsp;194,00 APLICAR CUPOM Valor Total Subtotal &#082;&#036;&nbsp;194,00 Entrega Digite seu endere\u00e7o para ver as op\u00e7\u00f5es de entrega. Calcular entrega Selecione um pa\u00eds&hellip;Afeganist\u00e3o\u00c1frica do SulAlb\u00e2niaAlemanhaAndorraAngolaAnguillaAnt\u00e1rticaAnt\u00edgua e BarbudaAr\u00e1bia SauditaArg\u00e9liaArgentinaArm\u00eaniaArubaAustr\u00e1lia\u00c1ustriaAzerbaij\u00e3oBahamasBangladeshBarbadosBar\u00e9mBelauB\u00e9lgicaBelizeBenimBermudasBielorr\u00fassiaBol\u00edviaB\u00f3snia e HerzegovinaBotsuanaBrasilBruneiBulg\u00e1riaBurquina FassoBur\u00fandiBut\u00e3oCabo VerdeCamar\u00f5esCambojaCanad\u00e1CatarCazaquist\u00e3oChadeChileChinaChipreCingapuraCol\u00f4mbiaComoresComunidade das Ilhas Marianas SetentrionaisCongo (Brazzaville)Congo [&hellip;]\" \/>\n<meta property=\"og:url\" content=\"https:\/\/majesty2a.com.br\/?page_id=6\" \/>\n<meta property=\"og:site_name\" content=\"majesty2a.com.br\" \/>\n<meta property=\"article:modified_time\" content=\"2022-09-14T13:36:06+00:00\" \/>\n<meta property=\"og:image\" content=\"http:\/\/majesty2a.com.br\/wp-content\/uploads\/2022\/09\/86deefcd-3993-48d9-ae7c-4bcb5274f706-300x300.jpg\" \/>\n<meta name=\"twitter:card\" content=\"summary_large_image\" \/>\n<meta name=\"twitter:label1\" content=\"Est. tempo de leitura\" \/>\n\t<meta name=\"twitter:data1\" content=\"3 minutos\" \/>\n<script type=\"application\/ld+json\" class=\"yoast-schema-graph\">{\"@context\":\"https:\/\/schema.org\",\"@graph\":[{\"@type\":\"WebPage\",\"@id\":\"https:\/\/majesty2a.com.br\/?page_id=6\",\"url\":\"https:\/\/majesty2a.com.br\/?page_id=6\",\"name\":\"Carrinho - majesty2a.com.br\",\"isPartOf\":{\"@id\":\"https:\/\/majesty2a.com.br\/#website\"},\"datePublished\":\"2022-08-23T01:52:04+00:00\",\"dateModified\":\"2022-09-14T13:36:06+00:00\",\"breadcrumb\":{\"@id\":\"https:\/\/majesty2a.com.br\/?page_id=6#breadcrumb\"},\"inLanguage\":\"pt-BR\",\"potentialAction\":[{\"@type\":\"ReadAction\",\"target\":[\"https:\/\/majesty2a.com.br\/?page_id=6\"]}]},{\"@type\":\"BreadcrumbList\",\"@id\":\"https:\/\/majesty2a.com.br\/?page_id=6#breadcrumb\",\"itemListElement\":[{\"@type\":\"ListItem\",\"position\":1,\"name\":\"In\u00edcio\",\"item\":\"https:\/\/majesty2a.com.br\/\"},{\"@type\":\"ListItem\",\"position\":2,\"name\":\"Carrinho\"}]},{\"@type\":\"WebSite\",\"@id\":\"https:\/\/majesty2a.com.br\/#website\",\"url\":\"https:\/\/majesty2a.com.br\/\",\"name\":\"majesty2a.com.br\",\"description\":\"\",\"publisher\":{\"@id\":\"https:\/\/majesty2a.com.br\/#organization\"},\"potentialAction\":[{\"@type\":\"SearchAction\",\"target\":{\"@type\":\"EntryPoint\",\"urlTemplate\":\"https:\/\/majesty2a.com.br\/?s={search_term_string}\"},\"query-input\":\"required name=search_term_string\"}],\"inLanguage\":\"pt-BR\"},{\"@type\":\"Organization\",\"@id\":\"https:\/\/majesty2a.com.br\/#organization\",\"name\":\"majesty2a.com.br\",\"url\":\"https:\/\/majesty2a.com.br\/\",\"sameAs\":[\"https:\/\/www.instagram.com\/majesty_2\"],\"logo\":{\"@type\":\"ImageObject\",\"inLanguage\":\"pt-BR\",\"@id\":\"https:\/\/majesty2a.com.br\/#\/schema\/logo\/image\/\",\"url\":\"https:\/\/majesty2a.com.br\/wp-content\/uploads\/2022\/08\/272512211_417852993464345_6855303377613574854_n-removebg-preview-e1661383949893-1-1.png\",\"contentUrl\":\"https:\/\/majesty2a.com.br\/wp-content\/uploads\/2022\/08\/272512211_417852993464345_6855303377613574854_n-removebg-preview-e1661383949893-1-1.png\",\"width\":408,\"height\":136,\"caption\":\"majesty2a.com.br\"},\"image\":{\"@id\":\"https:\/\/majesty2a.com.br\/#\/schema\/logo\/image\/\"}}]}<\/script>\n<!-- \/ Yoast SEO plugin. -->","yoast_head_json":{"title":"Carrinho - majesty2a.com.br","robots":{"index":"index","follow":"follow","max-snippet":"max-snippet:-1","max-image-preview":"max-image-preview:large","max-video-preview":"max-video-preview:-1"},"canonical":"https:\/\/majesty2a.com.br\/?page_id=6","og_locale":"pt_BR","og_type":"article","og_title":"Carrinho - majesty2a.com.br","og_description":"&nbsp; &nbsp; Produto Pre\u00e7o Quantidade Subtotal &times; Oculos de Sol Feminino UV400 &#82;&#36;&nbsp;194,00 Oculos de Sol Feminino UV400 quantidade &#82;&#36;&nbsp;194,00 APLICAR CUPOM Valor Total Subtotal &#82;&#36;&nbsp;194,00 Entrega Digite seu endere\u00e7o para ver as op\u00e7\u00f5es de entrega. Calcular entrega Selecione um pa\u00eds&hellip;Afeganist\u00e3o\u00c1frica do SulAlb\u00e2niaAlemanhaAndorraAngolaAnguillaAnt\u00e1rticaAnt\u00edgua e BarbudaAr\u00e1bia SauditaArg\u00e9liaArgentinaArm\u00eaniaArubaAustr\u00e1lia\u00c1ustriaAzerbaij\u00e3oBahamasBangladeshBarbadosBar\u00e9mBelauB\u00e9lgicaBelizeBenimBermudasBielorr\u00fassiaBol\u00edviaB\u00f3snia e HerzegovinaBotsuanaBrasilBruneiBulg\u00e1riaBurquina FassoBur\u00fandiBut\u00e3oCabo VerdeCamar\u00f5esCambojaCanad\u00e1CatarCazaquist\u00e3oChadeChileChinaChipreCingapuraCol\u00f4mbiaComoresComunidade das Ilhas Marianas SetentrionaisCongo (Brazzaville)Congo [&hellip;]","og_url":"https:\/\/majesty2a.com.br\/?page_id=6","og_site_name":"majesty2a.com.br","article_modified_time":"2022-09-14T13:36:06+00:00","og_image":[{"url":"http:\/\/majesty2a.com.br\/wp-content\/uploads\/2022\/09\/86deefcd-3993-48d9-ae7c-4bcb5274f706-300x300.jpg"}],"twitter_card":"summary_large_image","twitter_misc":{"Est. tempo de leitura":"3 minutos"},"schema":{"@context":"https:\/\/schema.org","@graph":[{"@type":"WebPage","@id":"https:\/\/majesty2a.com.br\/?page_id=6","url":"https:\/\/majesty2a.com.br\/?page_id=6","name":"Carrinho - majesty2a.com.br","isPartOf":{"@id":"https:\/\/majesty2a.com.br\/#website"},"datePublished":"2022-08-23T01:52:04+00:00","dateModified":"2022-09-14T13:36:06+00:00","breadcrumb":{"@id":"https:\/\/majesty2a.com.br\/?page_id=6#breadcrumb"},"inLanguage":"pt-BR","potentialAction":[{"@type":"ReadAction","target":["https:\/\/majesty2a.com.br\/?page_id=6"]}]},{"@type":"BreadcrumbList","@id":"https:\/\/majesty2a.com.br\/?page_id=6#breadcrumb","itemListElement":[{"@type":"ListItem","position":1,"name":"In\u00edcio","item":"https:\/\/majesty2a.com.br\/"},{"@type":"ListItem","position":2,"name":"Carrinho"}]},{"@type":"WebSite","@id":"https:\/\/majesty2a.com.br\/#website","url":"https:\/\/majesty2a.com.br\/","name":"majesty2a.com.br","description":"","publisher":{"@id":"https:\/\/majesty2a.com.br\/#organization"},"potentialAction":[{"@type":"SearchAction","target":{"@type":"EntryPoint","urlTemplate":"https:\/\/majesty2a.com.br\/?s={search_term_string}"},"query-input":"required name=search_term_string"}],"inLanguage":"pt-BR"},{"@type":"Organization","@id":"https:\/\/majesty2a.com.br\/#organization","name":"majesty2a.com.br","url":"https:\/\/majesty2a.com.br\/","sameAs":["https:\/\/www.instagram.com\/majesty_2"],"logo":{"@type":"ImageObject","inLanguage":"pt-BR","@id":"https:\/\/majesty2a.com.br\/#\/schema\/logo\/image\/","url":"https:\/\/majesty2a.com.br\/wp-content\/uploads\/2022\/08\/272512211_417852993464345_6855303377613574854_n-removebg-preview-e1661383949893-1-1.png","contentUrl":"https:\/\/majesty2a.com.br\/wp-content\/uploads\/2022\/08\/272512211_417852993464345_6855303377613574854_n-removebg-preview-e1661383949893-1-1.png","width":408,"height":136,"caption":"majesty2a.com.br"},"image":{"@id":"https:\/\/majesty2a.com.br\/#\/schema\/logo\/image\/"}}]}},"_links":{"self":[{"href":"https:\/\/majesty2a.com.br\/index.php?rest_route=\/wp\/v2\/pages\/6"}],"collection":[{"href":"https:\/\/majesty2a.com.br\/index.php?rest_route=\/wp\/v2\/pages"}],"about":[{"href":"https:\/\/majesty2a.com.br\/index.php?rest_route=\/wp\/v2\/types\/page"}],"author":[{"embeddable":true,"href":"https:\/\/majesty2a.com.br\/index.php?rest_route=\/wp\/v2\/users\/1"}],"replies":[{"embeddable":true,"href":"https:\/\/majesty2a.com.br\/index.php?rest_route=%2Fwp%2Fv2%2Fcomments&post=6"}],"version-history":[{"count":13,"href":"https:\/\/majesty2a.com.br\/index.php?rest_route=\/wp\/v2\/pages\/6\/revisions"}],"predecessor-version":[{"id":945,"href":"https:\/\/majesty2a.com.br\/index.php?rest_route=\/wp\/v2\/pages\/6\/revisions\/945"}],"wp:attachment":[{"href":"https:\/\/majesty2a.com.br\/index.php?rest_route=%2Fwp%2Fv2%2Fmedia&parent=6"}],"curies":[{"name":"wp","href":"https:\/\/api.w.org\/{rel}","templated":true}]}}